{"id":2007,"date":"2021-06-21T17:27:19","date_gmt":"2021-06-21T15:27:19","guid":{"rendered":"https:\/\/elcabilo.com\/larxiu\/?page_id=2007"},"modified":"2026-01-07T22:34:06","modified_gmt":"2026-01-07T21:34:06","slug":"fons-documentals","status":"publish","type":"page","link":"https:\/\/elcabilo.com\/larxiu\/fons-documentals\/","title":{"rendered":"Fons documentals"},"content":{"rendered":"\n<p>L\u2019Arxiu de Sella recull i classifica tota classe de documents, en format f\u00edsic o digital, que tenen a veure amb el poble i terme de Sella i voltants. S\u2019inclouen documents visuals (fotografies i dibuixos o pintures) i \u00e0udio-visuals (gravacions d\u2019\u00e0udio i video). Ocasionalment s\u2019arrepleguen objectes de rellev\u00e0ncia hist\u00f2rica i\/o antropol\u00f2gica.<\/p>\n\n\n\n<p>La classificaci\u00f3 dels fons documental segueix els camps obligatoris de la norma ISAD(G), adaptant-se a la de l\u2019Arxiu Municipal de Sella (Ajuntament). D&#8217;aquesta manera disposem de seccions com Sanitat i servicis socials, Societats Musicals, Turisme, Educaci\u00f3, Esport (futbol, pilota, altres esports), Obres municipals, Servicis Agropecuaris (on es troben els recs), Industria i comer\u00e7, Organitzacions pol\u00edtiques, socials i sindicals o C\u00e0mera Local Agraria, entre d&#8217;altres.<\/p>\n\n\n\n<p>Una part important de l\u2019Arxiu de Sella, no obstant aix\u00f2, treballa amb Fons, Fons Tem\u00e0tics i Col\u00b7leccions.<\/p>\n\n\n\n<p><strong>Els Fons<\/strong> s\u2019entenen com un conjunt de documents, de distints tipus, creat de forma natural pel treball d\u2019institucions\/associacions (per exemple Fons Rapella dels Senyorets, Sagnon, Associaci\u00f3 Juvenil El Cabil\u00f3, Casa Nova, Estanc Vell&#8230;) o persones al llarg de la seua vida (per exemple Fons Ram\u00f3n Garcia Alemany, Salvador Buades Climent, Fam\u00edlia Riera-Orqu\u00edn &#8230;)<\/p>\n\n\n\n<ul class=\"wp-block-list\"><\/ul>\n\n\n\n<p><strong>Els Fons Tem\u00e0tics<\/strong> s\u2019entenen com a fons artificials, generats per un conjunt de documents de distinta proced\u00e8ncia, per\u00f2 que comparteixen una tem\u00e0tica concreta. Normalment el componen documents de distint tipus, individuals, que no poden generar per si mateix un fons i no entren en els apartats definits per l\u2019AMS. En els fons tem\u00e0tics prima la funcionalitat. De moment, tenim classificat els seg\u00fcents fons tem\u00e0tics, encara que hi ha molts altres a l\u2019espera de descripci\u00f3 i classificaci\u00f3. Com a exemples podrien citar el Fons T. Festival de Sella, Cine Avenida, Calatayud, Festes, Ex\u00e8rcit i Guerres, Toni Giner, Molins, Festes, Antonio Mora, etc. Destaquem tamb\u00e9 un Fons Antic, amb documents originals dels segles XVI i XVIII, principalment.<\/p>\n\n\n\n<ul class=\"wp-block-list\">\n<li><strong>Les Col\u00b7leccions<\/strong> es tracta de creacions conscients, artificials i, fins i tot, subjectives:<\/li>\n\n\n\n<li>Col\u00b7lecci\u00f3 d\u2019Estampetes<\/li>\n\n\n\n<li><a href=\"https:\/\/elcabilo.com\/larxiu\/2023\/08\/07\/la-colleccio-de-segells-de-larxiu\/\" title=\"\">Col\u00b7lecci\u00f3 de Segells<\/a><\/li>\n\n\n\n<li><a href=\"https:\/\/elcabilo.com\/larxiu\/files\/2025\/06\/Coleccion-Anuaris-Comerciales-1879_1929.pdf\" title=\"\">Col\u00b7lecci\u00f3 d&#8217;Anuaris Comercials (1879-1929)<\/a><\/li>\n<\/ul>\n\n\n\n<p>A l\u2019<strong>Hemeroteca<\/strong> tenim un recull de retalls de premsa escrita i altres troballes fetes en distintes hemeroteques digitals, des de mitjans del segle XIX.<\/p>\n\n\n\n<p>La <strong>Fototeca<\/strong> es compon de fotografies, majorit\u00e0riament digitalitzades i provinents de donacions. Les fotografies estan classificades per la persona o fam\u00edlia donant. Tamb\u00e9 disposem de col\u00b7leccions tem\u00e0tiques (masos, cases del nucli urb\u00e0, detalls arquitect\u00f2nics, graffitis, etc.) realitzades per nosaltres.<\/p>\n\n\n\n<p>La <strong>Fonoteca i videoteca <\/strong>es compon de diverses gravacions enregistrades per particulars i col\u00b7lectius, en format digital, des de finals de la d\u00e8cada de 1960.<\/p>\n\n\n\n<p><strong>Anuaris de l&#8217;Arxiu<\/strong><\/p>\n\n\n\n<p>Cada any editem un recull de les publicacions realitzades al nostre blog. Es tracta de l&#8217;Anuari de l&#8217;Arxiu, que es troba allotjat al repositori institucional de la Universitat d&#8217;Alacant. <\/p>\n\n\n\n<ol class=\"wp-block-list\">\n<li><a href=\"https:\/\/rua.ua.es\/dspace\/bitstream\/10045\/149362\/1\/ANUARI-ARXIU-2011-2012.pdf\" title=\"\">Anuari de l&#8217;Arxiu 2011-2012<\/a><\/li>\n\n\n\n<li><a href=\"https:\/\/rua.ua.es\/dspace\/bitstream\/10045\/149524\/1\/ANUARI_ARXIU_2013.pdf\" title=\"\">Anuari de l&#8217;Arxiu 2013<\/a><\/li>\n\n\n\n<li>Anuari de l&#8217;Arxiu 2014<\/li>\n\n\n\n<li>Anuari de l&#8217;Arxiu 2015<\/li>\n\n\n\n<li>Anuari de l&#8217;Arxiu 2016<\/li>\n\n\n\n<li>Anuari de l&#8217;Arxiu 2017<\/li>\n\n\n\n<li>Anuari de l&#8217;Arxiu 2018<\/li>\n\n\n\n<li><a href=\"https:\/\/rua.ua.es\/dspace\/bitstream\/10045\/149523\/1\/ANUARI_ARXIU_2019.pdf\" title=\"\">Anuari de l&#8217;Arxiu 2019<\/a><\/li>\n\n\n\n<li><a href=\"http:\/\/hdl.handle.net\/10045\/159065\" title=\"\">Anuari de l&#8217;Arxiu 2020<\/a><\/li>\n\n\n\n<li><a href=\"http:\/\/hdl.handle.net\/10045\/159472\" title=\"\">Anuari de l&#8217;Arxiu 2021<\/a><\/li>\n\n\n\n<li><a href=\"https:\/\/rua.ua.es\/dspace\/bitstream\/10045\/149422\/1\/ANUARI_ARXIU_2022.pdf\" title=\"\">Anuari de l&#8217;Arxiu 2022<\/a><\/li>\n\n\n\n<li><a href=\"https:\/\/rua.ua.es\/dspace\/bitstream\/10045\/149361\/1\/ANUARI-ARXIU-2023.pdf\" title=\"\">Anuari de l&#8217;Arxiu 2023<\/a><\/li>\n\n\n\n<li><a href=\"https:\/\/rua.ua.es\/dspace\/bitstream\/10045\/151881\/1\/ANUARI-ARXIU-2024.pdf\" target=\"_blank\" rel=\"noopener\" title=\"Anuari de l'Arxiu 2024\">Anuari de l&#8217;Arxiu 2024<\/a><\/li>\n\n\n\n<li>Anuari de l&#8217;Arxiu 2025<\/li>\n<\/ol>\n\n\n\n<p><\/p>\n","protected":false},"excerpt":{"rendered":"<p>L\u2019Arxiu de Sella recull i classifica tota classe de documents, en format f\u00edsic o digital, que tenen a veure amb<\/p>\n","protected":false},"author":218,"featured_media":0,"parent":0,"menu_order":0,"comment_status":"closed","ping_status":"closed","template":"","meta":{"_exactmetrics_skip_tracking":false,"_exactmetrics_sitenote_active":false,"_exactmetrics_sitenote_note":"","_exactmetrics_sitenote_category":0,"footnotes":""},"class_list":["post-2007","page","type-page","status-publish","hentry","comments-off"],"aioseo_notices":[],"_links":{"self":[{"href":"https:\/\/elcabilo.com\/larxiu\/wp-json\/wp\/v2\/pages\/2007","targetHints":{"allow":["GET"]}}],"collection":[{"href":"https:\/\/elcabilo.com\/larxiu\/wp-json\/wp\/v2\/pages"}],"about":[{"href":"https:\/\/elcabilo.com\/larxiu\/wp-json\/wp\/v2\/types\/page"}],"author":[{"embeddable":true,"href":"https:\/\/elcabilo.com\/larxiu\/wp-json\/wp\/v2\/users\/218"}],"replies":[{"embeddable":true,"href":"https:\/\/elcabilo.com\/larxiu\/wp-json\/wp\/v2\/comments?post=2007"}],"version-history":[{"count":15,"href":"https:\/\/elcabilo.com\/larxiu\/wp-json\/wp\/v2\/pages\/2007\/revisions"}],"predecessor-version":[{"id":2928,"href":"https:\/\/elcabilo.com\/larxiu\/wp-json\/wp\/v2\/pages\/2007\/revisions\/2928"}],"wp:attachment":[{"href":"https:\/\/elcabilo.com\/larxiu\/wp-json\/wp\/v2\/media?parent=2007"}],"curies":[{"name":"wp","href":"https:\/\/api.w.org\/{rel}","templated":true}]}}