{"id":1522,"date":"2013-04-15T09:26:54","date_gmt":"2013-04-15T08:26:54","guid":{"rendered":"http:\/\/elcabilo.com\/pilota\/?page_id=1522"},"modified":"2013-04-23T14:05:13","modified_gmt":"2013-04-23T13:05:13","slug":"historia-del-club","status":"publish","type":"page","link":"https:\/\/elcabilo.com\/pilota\/historia-del-club\/","title":{"rendered":"Hist\u00f2ria del Club"},"content":{"rendered":"<p style=\"text-align: justify\"><a href=\"https:\/\/elcabilo.com\/pilota\/files\/2013\/04\/F.A.-68.jpg\"><img loading=\"lazy\" decoding=\"async\" class=\"alignright size-thumbnail wp-image-1523\" alt=\"F.A. (68)\" src=\"https:\/\/elcabilo.com\/pilota\/files\/2013\/04\/F.A.-68-150x150.jpg\" width=\"150\" height=\"150\" \/><\/a>El <strong>Club de Pilota Sella<\/strong> \u00e9s una associaci\u00f3 que conta amb una llarga hist\u00f2ria. Va ser creat en <strong>Setembre de 1983<\/strong>, per\u00f2 des de molt abans es jugava a pilota al poble de Sella on destacaven les partides de Festes d\u2019Octubre. A partir de l\u2019any 1983 es va comen\u00e7ar a tenir un seguiment i evoluci\u00f3 mes intensa en la pr\u00e0ctica del nostre esport aut\u00f2cton. Des de la seva creaci\u00f3 el Club i els seus jugadors participen en competicions de diferent \u00e0mbit i nivell, a m\u00e9s, ha anat en augment el nombre de jugadors, equips, alumnes de l\u2019escola, jugadors en la selecci\u00f3, partides als trinquets, etc&#8230;<\/p>\n<p style=\"text-align: justify\"><a href=\"https:\/\/elcabilo.com\/pilota\/files\/2013\/04\/img001.jpg\"><img loading=\"lazy\" decoding=\"async\" class=\"alignleft size-thumbnail wp-image-1525\" alt=\"img001\" src=\"https:\/\/elcabilo.com\/pilota\/files\/2013\/04\/img001-150x150.jpg\" width=\"150\" height=\"150\" \/><\/a>El Club de Pilota en els seus inicis practicava la modalitat de Perxa, modalitat t\u00edpica de la Marina Baixa i la zona de la Muntanya d\u2019Alacant. Per\u00f2 el nostre Club va saber adaptar-se a altres modalitats com demostra la seva participaci\u00f3 en la Lliga de Llargues i Palma Trofeu Diputaci\u00f3 d\u2019Alacant, en la Lliga de Raspall, Front\u00f3, Galotxa, Escala i Corda, etc&#8230;<\/p>\n<p style=\"text-align: justify\">Hem tingut participaci\u00f3 en la I i II Copa d\u2019Europa de Clubs a Llargues. Es tracta d\u2019una competici\u00f3 d\u2019\u00e0mbit internacional. Vam jugar la fase pr\u00e8via en Maubeuge (Fran\u00e7a) i la fase final en Pamplona contra equips de Franeker (Holanda) i Godelleta (Valencia). Aix\u00ed com partides en la Canxa de Benidom contra Maubeuge i Tibi.<\/p>\n<p style=\"text-align: justify\">En l\u2019inici del 2013, hem participat en la Copa Generalitat de Galotxa i la nostra escola est\u00e0 participant als JECV de Raspall i Galotxa. Estem dins la Lliga de Llargues i Palma sent un dels Clubs amb m\u00e9s equips. Tenim 6 equips i 30 jugadors. Al llarg de totes les lligues de llargues i palma que s\u2019han disputat el nostre Club hem confeccionat m\u00e9s de 90 equips al llarg de 30 anys.<\/p>\n<p style=\"text-align: justify\">Tenim un jugador del nostre Club, Pablo,\u00a0 que participa a nivell promoci\u00f3 per poder donar el pas al m\u00f3n professional dins de la Comunitat Valenciana en la modalitat d\u2019escala i corda. A m\u00e9s, el propi Pablo forma part de la Selecci\u00f3 Valenciana de Pilota.<\/p>\n<p style=\"text-align: justify\"><a href=\"https:\/\/elcabilo.com\/pilota\/files\/2013\/04\/89.jpg\"><img loading=\"lazy\" decoding=\"async\" class=\"alignright size-thumbnail wp-image-1524\" alt=\"89\" src=\"https:\/\/elcabilo.com\/pilota\/files\/2013\/04\/89-150x150.jpg\" width=\"150\" height=\"150\" \/><\/a>A nivell organitzatiu des del Sella hem organitzat la Clausura de la Lliga de Perxa del 2007 que va ser tot un \u00e8xit, i en el 2012 Finals de la Lliga de Llargues i Palma Diputaci\u00f3 d\u2019Alacant.<\/p>\n<p style=\"text-align: justify\">Per\u00f2 el baluard m\u00e9s important \u00e9s l\u2019Escola de Pilota. El seu funcionament \u00e9s la millor garantia de futur. A dia de hui contem amb uns 23 xiquets i xiquetes, repartits en categories de pre-benjamins, benjamins, alevins, infantils, cadets i juvenils. A m\u00e9s, tenim 2 monitors que s\u2019encarreguen dels entrenaments i la difusi\u00f3 de la Pilota Valenciana. Entre els nostres alumnes tenim xiquetes i fomentem la participaci\u00f3 femenina a la nostra escola (alumnes) . L\u2019escola est\u00e0 en funcionament des de meitat dels anys 80<\/p>\n<p style=\"text-align: justify\">La nostra escola \u00e9s una de les m\u00e9s destacades de la prov\u00edncia i podem dir que gr\u00e0cies a la tasca dels representants, monitors, pares i xiquets i xiquetes, fa que la nostra escola siga pe\u00e7a important per al futur, manteniment i difusi\u00f3 del nostre esport aut\u00f2cton: la Pilota Valenciana.<\/p>\n<p style=\"text-align: justify\">Al llarg dels 30 anys de hist\u00f2ria del Club han sigut varies les directives i presidents.<\/p>\n<p>\u00a0<span style=\"text-decoration: underline\"><b>Presidents Club de Pilota Sella<\/b><\/span><\/p>\n<ul>\n<li>\u00a0Adolfo P\u00e9rez Alemany (1983-1996)<\/li>\n<li>\u00a0Jos\u00e9 Luis Jaime Giner (1997-2004)<\/li>\n<li>\u00a0Jorge Garcia Climent (2005-2006)<\/li>\n<li>\u00a0David Mas Catal\u00e0 (des del 2007)<\/li>\n<\/ul>\n","protected":false},"excerpt":{"rendered":"<p>El Club de Pilota Sella \u00e9s una associaci\u00f3 que conta amb una llarga hist\u00f2ria. Va ser creat en Setembre de 1983, per\u00f2 des de molt abans es jugava a pilota al poble de Sella on destacaven les partides de Festes d\u2019Octubre. A partir de l\u2019any 1983 es va comen\u00e7ar a tenir un seguiment i evoluci\u00f3 [&hellip;]<\/p>\n","protected":false},"author":9,"featured_media":0,"parent":0,"menu_order":0,"comment_status":"open","ping_status":"closed","template":"","meta":{"_exactmetrics_skip_tracking":false,"_exactmetrics_sitenote_active":false,"_exactmetrics_sitenote_note":"","_exactmetrics_sitenote_category":0,"footnotes":""},"class_list":["post-1522","page","type-page","status-publish","hentry"],"aioseo_notices":[],"_links":{"self":[{"href":"https:\/\/elcabilo.com\/pilota\/wp-json\/wp\/v2\/pages\/1522","targetHints":{"allow":["GET"]}}],"collection":[{"href":"https:\/\/elcabilo.com\/pilota\/wp-json\/wp\/v2\/pages"}],"about":[{"href":"https:\/\/elcabilo.com\/pilota\/wp-json\/wp\/v2\/types\/page"}],"author":[{"embeddable":true,"href":"https:\/\/elcabilo.com\/pilota\/wp-json\/wp\/v2\/users\/9"}],"replies":[{"embeddable":true,"href":"https:\/\/elcabilo.com\/pilota\/wp-json\/wp\/v2\/comments?post=1522"}],"version-history":[{"count":0,"href":"https:\/\/elcabilo.com\/pilota\/wp-json\/wp\/v2\/pages\/1522\/revisions"}],"wp:attachment":[{"href":"https:\/\/elcabilo.com\/pilota\/wp-json\/wp\/v2\/media?parent=1522"}],"curies":[{"name":"wp","href":"https:\/\/api.w.org\/{rel}","templated":true}]}}