{"id":81,"date":"2008-06-29T13:29:12","date_gmt":"2008-06-29T11:29:12","guid":{"rendered":"http:\/\/elcabilo.com\/pilota\/"},"modified":"2008-11-08T15:04:36","modified_gmt":"2008-11-08T14:04:36","slug":"perxa","status":"publish","type":"page","link":"https:\/\/elcabilo.com\/pilota\/perxa\/","title":{"rendered":"Perxa"},"content":{"rendered":"<p>La <strong>Lliga de Perxa 2008<\/strong> es presenta molt interessant per al nostre Club. Tenim <strong>cinc equips<\/strong> repartits entre les distintes categories: dos en 1\u00aa , un en 2\u00aa i dos m\u00e9s en 3\u00aa Categoria. I tots amb possibilitats d\u2019estar al capdavant dels seus grups. Esperem que les coses hi vagen tamb\u00e9 com a la Lliga de Llargues i Palma que fa res que l\u2019hem acomiadant amb molt bon resultats per al nostre poble. A continuaci\u00f3 vorem els equips d&#8217;enguany:<\/p>\n<p><strong><u>PRIMERA CATEGORIA<\/u><\/strong><br \/>\nEn Primera Categoria l\u2019equip de Sella A \u00e9s l\u2019actual campi\u00f3 i junt a ell estar\u00e0 Sella B que intentar\u00e0 estar m\u00e0 a m\u00e0 en la lluita per les primeres places del grup. Per\u00f2 aquesta any a pesar de no jugar Benasau, la cosa estar\u00e0 molt dif\u00edcil amb rivals com Alcoi A, Benidorm, Calp A i, sobre tot, Murla.<\/p>\n<p><font color=\"#ff6600\"><strong>SELLA A<\/strong><\/font><br \/>\nEquip format per: <strong>Jes\u00fas<\/strong>, <strong>Jordi<\/strong>, <strong>Pablo<\/strong>, <strong>Pau<\/strong>, <strong>Dani<\/strong> i <strong>Ferm\u00edn<\/strong>.<\/p>\n<p align=\"center\"><a href=\"https:\/\/elcabilo.com\/pilota\/files\/2008\/06\/1.JPG\" title=\"1.JPG\"><img decoding=\"async\" src=\"https:\/\/elcabilo.com\/pilota\/files\/2008\/06\/1.JPG\" alt=\"1.JPG\" \/><\/a><\/p>\n<p><font color=\"#ff00ff\"><strong>SELLA B<br \/>\n<\/strong><\/font>Equip format per: <strong>Vicen<\/strong>, <strong>Saoro<\/strong>, \u00a0<strong>Jaume,<\/strong> <strong>David<\/strong> (Xime), <strong>Juan Antonio II<\/strong>, <strong>Vicent<\/strong> (Dibu) i <strong>Juan Antonio I<\/strong>.<\/p>\n<p><a href=\"https:\/\/elcabilo.com\/pilota\/files\/2008\/06\/imagen-012.jpg\" title=\"imagen-012.jpg\"><\/a><a href=\"https:\/\/elcabilo.com\/pilota\/files\/2008\/06\/imagen-012.jpg\" title=\"imagen-012.jpg\"><img decoding=\"async\" src=\"https:\/\/elcabilo.com\/pilota\/files\/2008\/06\/imagen-012.jpg\" alt=\"imagen-012.jpg\" \/><\/a><a href=\"https:\/\/elcabilo.com\/pilota\/files\/2008\/06\/imagen-012.jpg\" title=\"imagen-012.jpg\"><strong><u><\/u><\/strong><\/p>\n<p><\/a><strong><u>SEGONA CATEGORIA<\/u><\/strong><br \/>\nEn Segona els rivals per als nostres ser\u00e1n les formacions de Benasau, Benimantell, Benifallim A, Alcoi B i B Vila A.<\/p>\n<p><strong><font color=\"#808000\">SELLA C<\/font><\/strong><br \/>\nEquip format per: <strong>Francisco<\/strong>, <strong>Kiko<\/strong>, <strong>Jorge<\/strong>, <strong>Sergio<\/strong> i <strong>Pep<\/strong><\/p>\n<p><strong><u>TERCERA CATEGORIA<\/u><\/strong><br \/>\nEn Tercera hi ha tres grups de cinc equips cadasc\u00fa. Nosaltres tenim dos representants en aquesta categoria: Sella D al Grup A, on s\u2019enfrontar\u00e0 a la Nucia, Finestrat, Calp C i Benidorm B, y Sella E al Grup B, que tindr\u00e0 com a rivals a Calp B, La Vila B, Alcoi D i Relleu.<\/p>\n<p><strong><font color=\"#0000ff\">SELLA D<\/font><\/strong><br \/>\nEquip format per: <strong>Julio<\/strong>, <strong>Adri<\/strong>, <strong>Ivan<\/strong>, <strong>Antonio<\/strong>, <strong>Dani Mesa<\/strong>.<\/p>\n<p><font color=\"#800000\"><strong>SELLA E<\/strong><\/font><br \/>\nEquip format per: <strong>Carlos<\/strong>, <strong>Adolfo II<\/strong>, <strong>Dani Piripi<\/strong>, <strong>Adolfo I<\/strong>, <strong>Adolfo Folgueral<\/strong>, <strong>Javi<\/strong>.<\/p>\n<p align=\"center\"><a href=\"https:\/\/elcabilo.com\/pilota\/files\/2008\/06\/sella-c.JPG\" title=\"sella-c.JPG\"><img decoding=\"async\" src=\"https:\/\/elcabilo.com\/pilota\/files\/2008\/06\/sella-c.JPG\" alt=\"sella-c.JPG\" \/><\/a><\/p>\n<p align=\"center\">&nbsp;<\/p>\n<h3 align=\"center\"><font color=\"#808000\"><em>Molta sort a tots els equips.<\/em><\/font><\/h3>\n","protected":false},"excerpt":{"rendered":"<p>La Lliga de Perxa 2008 es presenta molt interessant per al nostre Club. Tenim cinc equips repartits entre les distintes categories: dos en 1\u00aa , un en 2\u00aa i dos m\u00e9s en 3\u00aa Categoria. I tots amb possibilitats d\u2019estar al capdavant dels seus grups. Esperem que les coses hi vagen tamb\u00e9 com a la Lliga [&hellip;]<\/p>\n","protected":false},"author":9,"featured_media":0,"parent":0,"menu_order":0,"comment_status":"open","ping_status":"open","template":"","meta":{"_exactmetrics_skip_tracking":false,"_exactmetrics_sitenote_active":false,"_exactmetrics_sitenote_note":"","_exactmetrics_sitenote_category":0,"footnotes":""},"class_list":["post-81","page","type-page","status-publish","hentry"],"aioseo_notices":[],"_links":{"self":[{"href":"https:\/\/elcabilo.com\/pilota\/wp-json\/wp\/v2\/pages\/81","targetHints":{"allow":["GET"]}}],"collection":[{"href":"https:\/\/elcabilo.com\/pilota\/wp-json\/wp\/v2\/pages"}],"about":[{"href":"https:\/\/elcabilo.com\/pilota\/wp-json\/wp\/v2\/types\/page"}],"author":[{"embeddable":true,"href":"https:\/\/elcabilo.com\/pilota\/wp-json\/wp\/v2\/users\/9"}],"replies":[{"embeddable":true,"href":"https:\/\/elcabilo.com\/pilota\/wp-json\/wp\/v2\/comments?post=81"}],"version-history":[{"count":0,"href":"https:\/\/elcabilo.com\/pilota\/wp-json\/wp\/v2\/pages\/81\/revisions"}],"wp:attachment":[{"href":"https:\/\/elcabilo.com\/pilota\/wp-json\/wp\/v2\/media?parent=81"}],"curies":[{"name":"wp","href":"https:\/\/api.w.org\/{rel}","templated":true}]}}